{"id":241,"date":"2021-03-15T02:17:33","date_gmt":"2021-03-15T06:17:33","guid":{"rendered":"https:\/\/trackbastardz.com\/book-mastering\/"},"modified":"2026-04-03T22:28:17","modified_gmt":"2026-04-04T02:28:17","slug":"reserver-mastering","status":"publish","type":"page","link":"https:\/\/trackbastardz.com\/fr\/","title":{"rendered":"R\u00e9server un mastering"},"content":{"rendered":"","protected":false},"excerpt":{"rendered":"","protected":false},"author":1,"featured_media":2751,"parent":0,"menu_order":2,"comment_status":"closed","ping_status":"closed","template":"","meta":{"_acf_changed":false,"footnotes":""},"class_list":["post-241","page","type-page","status-publish","has-post-thumbnail","hentry"],"acf":[],"yoast_head":"<!-- This site is optimized with the Yoast SEO plugin v27.3 - https:\/\/yoast.com\/product\/yoast-seo-wordpress\/ -->\n<title>Trackbastardz - Service de Mastering de Musique par Nk.F<\/title>\n<meta name=\"description\" content=\"Trackbastardz est un service en ligne de mastering musical professionnel premium par Nikola Feve \u201cNk.F\u201d.\" \/>\n<meta name=\"robots\" content=\"index, follow, max-snippet:-1, max-image-preview:large, max-video-preview:-1\" \/>\n<link rel=\"canonical\" href=\"https:\/\/trackbastardz.com\/fr\/\" \/>\n<meta property=\"og:locale\" content=\"fr_FR\" \/>\n<meta property=\"og:type\" content=\"article\" \/>\n<meta property=\"og:title\" content=\"Trackbastardz - Service de Mastering de Musique par Nk.F\" \/>\n<meta property=\"og:description\" content=\"Trackbastardz est un service en ligne de mastering musical professionnel premium par Nikola Feve \u201cNk.F\u201d.\" \/>\n<meta property=\"og:url\" content=\"https:\/\/trackbastardz.com\/fr\/\" \/>\n<meta property=\"og:site_name\" content=\"Trackbastardz Mastering\" \/>\n<meta property=\"article:modified_time\" content=\"2026-04-04T02:28:17+00:00\" \/>\n<meta property=\"og:image\" content=\"https:\/\/trackbastardz.com\/wp-content\/uploads\/2026\/04\/trackbastardz.png\" \/>\n\t<meta property=\"og:image:width\" content=\"600\" \/>\n\t<meta property=\"og:image:height\" content=\"600\" \/>\n\t<meta property=\"og:image:type\" content=\"image\/png\" \/>\n<meta name=\"twitter:card\" content=\"summary_large_image\" \/>\n<meta name=\"twitter:title\" content=\"Trackbastardz Mastering - Mastering de musique en ligne\" \/>\n<meta name=\"twitter:description\" content=\"Trackbastardz est un service en ligne de mastering musical professionnel premium. Nos ing\u00e9nieurs ont tous \u00e9t\u00e9 rigoursement form\u00e9s par Nikola Feve \u201cNk.F\u201d et offrent un service r\u00e9pondant aux plus hauts standards de l\u2019industrie.\" \/>\n<meta name=\"twitter:image\" content=\"https:\/\/trackbastardz.com\/wp-content\/uploads\/2023\/04\/trackbastardz-mastering.png\" \/>\n<meta name=\"twitter:label1\" content=\"Dur\u00e9e de lecture estim\u00e9e\" \/>\n\t<meta name=\"twitter:data1\" content=\"1 minute\" \/>\n<script type=\"application\/ld+json\" class=\"yoast-schema-graph\">{\"@context\":\"https:\\\/\\\/schema.org\",\"@graph\":[{\"@type\":\"WebPage\",\"@id\":\"https:\\\/\\\/trackbastardz.com\\\/fr\\\/\",\"url\":\"https:\\\/\\\/trackbastardz.com\\\/fr\\\/\",\"name\":\"Trackbastardz - Service de Mastering de Musique par Nk.F\",\"isPartOf\":{\"@id\":\"https:\\\/\\\/trackbastardz.com\\\/fr\\\/#website\"},\"primaryImageOfPage\":{\"@id\":\"https:\\\/\\\/trackbastardz.com\\\/fr\\\/#primaryimage\"},\"image\":{\"@id\":\"https:\\\/\\\/trackbastardz.com\\\/fr\\\/#primaryimage\"},\"thumbnailUrl\":\"https:\\\/\\\/trackbastardz.com\\\/wp-content\\\/uploads\\\/2026\\\/04\\\/trackbastardz.png\",\"datePublished\":\"2021-03-15T06:17:33+00:00\",\"dateModified\":\"2026-04-04T02:28:17+00:00\",\"description\":\"Trackbastardz est un service en ligne de mastering musical professionnel premium par Nikola Feve \u201cNk.F\u201d.\",\"breadcrumb\":{\"@id\":\"https:\\\/\\\/trackbastardz.com\\\/fr\\\/#breadcrumb\"},\"inLanguage\":\"fr-FR\",\"potentialAction\":[{\"@type\":\"ReadAction\",\"target\":[\"https:\\\/\\\/trackbastardz.com\\\/fr\\\/\"]}]},{\"@type\":\"ImageObject\",\"inLanguage\":\"fr-FR\",\"@id\":\"https:\\\/\\\/trackbastardz.com\\\/fr\\\/#primaryimage\",\"url\":\"https:\\\/\\\/trackbastardz.com\\\/wp-content\\\/uploads\\\/2026\\\/04\\\/trackbastardz.png\",\"contentUrl\":\"https:\\\/\\\/trackbastardz.com\\\/wp-content\\\/uploads\\\/2026\\\/04\\\/trackbastardz.png\",\"width\":600,\"height\":600},{\"@type\":\"BreadcrumbList\",\"@id\":\"https:\\\/\\\/trackbastardz.com\\\/fr\\\/#breadcrumb\",\"itemListElement\":[{\"@type\":\"ListItem\",\"position\":1,\"name\":\"Accueil\",\"item\":\"https:\\\/\\\/trackbastardz.com\\\/fr\\\/\"},{\"@type\":\"ListItem\",\"position\":2,\"name\":\"R\u00e9server un mastering\"}]},{\"@type\":\"WebSite\",\"@id\":\"https:\\\/\\\/trackbastardz.com\\\/fr\\\/#website\",\"url\":\"https:\\\/\\\/trackbastardz.com\\\/fr\\\/\",\"name\":\"Trackbastardz Mastering\",\"description\":\"Service de mastering de musique en ligne par Nk.F\",\"publisher\":{\"@id\":\"https:\\\/\\\/trackbastardz.com\\\/fr\\\/#organization\"},\"alternateName\":\"Trackbastardz\",\"potentialAction\":[{\"@type\":\"SearchAction\",\"target\":{\"@type\":\"EntryPoint\",\"urlTemplate\":\"https:\\\/\\\/trackbastardz.com\\\/fr\\\/?s={search_term_string}\"},\"query-input\":{\"@type\":\"PropertyValueSpecification\",\"valueRequired\":true,\"valueName\":\"search_term_string\"}}],\"inLanguage\":\"fr-FR\"},{\"@type\":\"Organization\",\"@id\":\"https:\\\/\\\/trackbastardz.com\\\/fr\\\/#organization\",\"name\":\"Trackbastardz Mastering\",\"alternateName\":\"Trackbastardz\",\"url\":\"https:\\\/\\\/trackbastardz.com\\\/fr\\\/\",\"logo\":{\"@type\":\"ImageObject\",\"inLanguage\":\"fr-FR\",\"@id\":\"https:\\\/\\\/trackbastardz.com\\\/fr\\\/#\\\/schema\\\/logo\\\/image\\\/\",\"url\":\"https:\\\/\\\/trackbastardz.com\\\/wp-content\\\/uploads\\\/2023\\\/04\\\/trackbastardz-mastering.png\",\"contentUrl\":\"https:\\\/\\\/trackbastardz.com\\\/wp-content\\\/uploads\\\/2023\\\/04\\\/trackbastardz-mastering.png\",\"width\":2400,\"height\":1350,\"caption\":\"Trackbastardz Mastering\"},\"image\":{\"@id\":\"https:\\\/\\\/trackbastardz.com\\\/fr\\\/#\\\/schema\\\/logo\\\/image\\\/\"},\"sameAs\":[\"https:\\\/\\\/instagram.com\\\/trackbastardzmastering\"]}]}<\/script>\n<!-- \/ Yoast SEO plugin. -->","yoast_head_json":{"title":"Trackbastardz - Service de Mastering de Musique par Nk.F","description":"Trackbastardz est un service en ligne de mastering musical professionnel premium par Nikola Feve \u201cNk.F\u201d.","robots":{"index":"index","follow":"follow","max-snippet":"max-snippet:-1","max-image-preview":"max-image-preview:large","max-video-preview":"max-video-preview:-1"},"canonical":"https:\/\/trackbastardz.com\/fr\/","og_locale":"fr_FR","og_type":"article","og_title":"Trackbastardz - Service de Mastering de Musique par Nk.F","og_description":"Trackbastardz est un service en ligne de mastering musical professionnel premium par Nikola Feve \u201cNk.F\u201d.","og_url":"https:\/\/trackbastardz.com\/fr\/","og_site_name":"Trackbastardz Mastering","article_modified_time":"2026-04-04T02:28:17+00:00","og_image":[{"width":600,"height":600,"url":"https:\/\/trackbastardz.com\/wp-content\/uploads\/2026\/04\/trackbastardz.png","type":"image\/png"}],"twitter_card":"summary_large_image","twitter_title":"Trackbastardz Mastering - Mastering de musique en ligne","twitter_description":"Trackbastardz est un service en ligne de mastering musical professionnel premium. Nos ing\u00e9nieurs ont tous \u00e9t\u00e9 rigoursement form\u00e9s par Nikola Feve \u201cNk.F\u201d et offrent un service r\u00e9pondant aux plus hauts standards de l\u2019industrie.","twitter_image":"https:\/\/trackbastardz.com\/wp-content\/uploads\/2023\/04\/trackbastardz-mastering.png","twitter_misc":{"Dur\u00e9e de lecture estim\u00e9e":"1 minute"},"schema":{"@context":"https:\/\/schema.org","@graph":[{"@type":"WebPage","@id":"https:\/\/trackbastardz.com\/fr\/","url":"https:\/\/trackbastardz.com\/fr\/","name":"Trackbastardz - Service de Mastering de Musique par Nk.F","isPartOf":{"@id":"https:\/\/trackbastardz.com\/fr\/#website"},"primaryImageOfPage":{"@id":"https:\/\/trackbastardz.com\/fr\/#primaryimage"},"image":{"@id":"https:\/\/trackbastardz.com\/fr\/#primaryimage"},"thumbnailUrl":"https:\/\/trackbastardz.com\/wp-content\/uploads\/2026\/04\/trackbastardz.png","datePublished":"2021-03-15T06:17:33+00:00","dateModified":"2026-04-04T02:28:17+00:00","description":"Trackbastardz est un service en ligne de mastering musical professionnel premium par Nikola Feve \u201cNk.F\u201d.","breadcrumb":{"@id":"https:\/\/trackbastardz.com\/fr\/#breadcrumb"},"inLanguage":"fr-FR","potentialAction":[{"@type":"ReadAction","target":["https:\/\/trackbastardz.com\/fr\/"]}]},{"@type":"ImageObject","inLanguage":"fr-FR","@id":"https:\/\/trackbastardz.com\/fr\/#primaryimage","url":"https:\/\/trackbastardz.com\/wp-content\/uploads\/2026\/04\/trackbastardz.png","contentUrl":"https:\/\/trackbastardz.com\/wp-content\/uploads\/2026\/04\/trackbastardz.png","width":600,"height":600},{"@type":"BreadcrumbList","@id":"https:\/\/trackbastardz.com\/fr\/#breadcrumb","itemListElement":[{"@type":"ListItem","position":1,"name":"Accueil","item":"https:\/\/trackbastardz.com\/fr\/"},{"@type":"ListItem","position":2,"name":"R\u00e9server un mastering"}]},{"@type":"WebSite","@id":"https:\/\/trackbastardz.com\/fr\/#website","url":"https:\/\/trackbastardz.com\/fr\/","name":"Trackbastardz Mastering","description":"Service de mastering de musique en ligne par Nk.F","publisher":{"@id":"https:\/\/trackbastardz.com\/fr\/#organization"},"alternateName":"Trackbastardz","potentialAction":[{"@type":"SearchAction","target":{"@type":"EntryPoint","urlTemplate":"https:\/\/trackbastardz.com\/fr\/?s={search_term_string}"},"query-input":{"@type":"PropertyValueSpecification","valueRequired":true,"valueName":"search_term_string"}}],"inLanguage":"fr-FR"},{"@type":"Organization","@id":"https:\/\/trackbastardz.com\/fr\/#organization","name":"Trackbastardz Mastering","alternateName":"Trackbastardz","url":"https:\/\/trackbastardz.com\/fr\/","logo":{"@type":"ImageObject","inLanguage":"fr-FR","@id":"https:\/\/trackbastardz.com\/fr\/#\/schema\/logo\/image\/","url":"https:\/\/trackbastardz.com\/wp-content\/uploads\/2023\/04\/trackbastardz-mastering.png","contentUrl":"https:\/\/trackbastardz.com\/wp-content\/uploads\/2023\/04\/trackbastardz-mastering.png","width":2400,"height":1350,"caption":"Trackbastardz Mastering"},"image":{"@id":"https:\/\/trackbastardz.com\/fr\/#\/schema\/logo\/image\/"},"sameAs":["https:\/\/instagram.com\/trackbastardzmastering"]}]}},"_links":{"self":[{"href":"https:\/\/trackbastardz.com\/fr\/wp-json\/wp\/v2\/pages\/241","targetHints":{"allow":["GET"]}}],"collection":[{"href":"https:\/\/trackbastardz.com\/fr\/wp-json\/wp\/v2\/pages"}],"about":[{"href":"https:\/\/trackbastardz.com\/fr\/wp-json\/wp\/v2\/types\/page"}],"author":[{"embeddable":true,"href":"https:\/\/trackbastardz.com\/fr\/wp-json\/wp\/v2\/users\/1"}],"replies":[{"embeddable":true,"href":"https:\/\/trackbastardz.com\/fr\/wp-json\/wp\/v2\/comments?post=241"}],"version-history":[{"count":0,"href":"https:\/\/trackbastardz.com\/fr\/wp-json\/wp\/v2\/pages\/241\/revisions"}],"wp:featuredmedia":[{"embeddable":true,"href":"https:\/\/trackbastardz.com\/fr\/wp-json\/wp\/v2\/media\/2751"}],"wp:attachment":[{"href":"https:\/\/trackbastardz.com\/fr\/wp-json\/wp\/v2\/media?parent=241"}],"curies":[{"name":"wp","href":"https:\/\/api.w.org\/{rel}","templated":true}]}}